{"id":95,"date":"2025-05-02T11:31:22","date_gmt":"2025-05-02T11:31:22","guid":{"rendered":"https:\/\/www.jdm-systems.info\/?page_id=95"},"modified":"2025-05-02T11:31:23","modified_gmt":"2025-05-02T11:31:23","slug":"agb","status":"publish","type":"page","link":"https:\/\/www.viac.de\/?page_id=95","title":{"rendered":"AGB"},"content":{"rendered":"\n<style type=\"text\/css\" data-created_by=\"avia_inline_auto\" id=\"style-css-av-ma6pqa0s-933cea67a3cd0dc00a3532acbdabc6b7\">\n#top .av-special-heading.av-ma6pqa0s-933cea67a3cd0dc00a3532acbdabc6b7{\npadding-bottom:10px;\n}\nbody .av-special-heading.av-ma6pqa0s-933cea67a3cd0dc00a3532acbdabc6b7 .av-special-heading-tag .heading-char{\nfont-size:25px;\n}\n.av-special-heading.av-ma6pqa0s-933cea67a3cd0dc00a3532acbdabc6b7 .av-subheading{\nfont-size:15px;\n}\n<\/style>\n<div  class='av-special-heading av-ma6pqa0s-933cea67a3cd0dc00a3532acbdabc6b7 av-special-heading-h4  avia-builder-el-0  el_before_av_textblock  avia-builder-el-first '><h4 class='av-special-heading-tag '  itemprop=\"headline\"  >Allgemeine Gesch\u00e4fts- und Versteigerungsbedingungen<\/h4><div class=\"special-heading-border\"><div class=\"special-heading-inner-border\"><\/div><\/div><\/div>\n<section  class='av_textblock_section av-ma6pqucm-dd2cdd25cece6debe51fa9aecb023967 '   itemscope=\"itemscope\" itemtype=\"https:\/\/schema.org\/CreativeWork\" ><div class='avia_textblock'  itemprop=\"text\" ><div id=\"main\">\n<div id=\"stempel\">\n<div id=\"container_main2\">\n<p class=\"agb\">\u00a71.0 Mit der Teilnahme an unserer Auktion erkennen Bieter und K\u00e4ufer die nachstehenden Versteigerungsbedingungen an. Die Versteigerung erfolgt im Namen und in Rechnung des Auftraggebers. Der Ersteigerer hat die M\u00f6glichkeit, bei Rechnungserhalt Name und Anschrift des Auftraggebers zu erfahren.<\/p>\n<p>\u00a72.0 Den Zuschlag erh\u00e4lt der H\u00f6chstbietende, wenn nach dreimaligem Ausruf kein h\u00f6heres Gebot erfolgt. Eventuell erforderliche Mindestgebote setzt der Versteigerer fest.<\/p>\n<p>\u00a73.0 Der Versteigerer hat das Recht, die im Auktionskatalog festgelegte Reihenfolge zu \u00e4ndern, Nummern zu trennen, zusammenzufassen oder zur\u00fcckzuziehen, den Zuschlag unter Vorbehalt zu erteilen oder Gebote, die als zu niedrig angesehen werden, zur\u00fcckzuweisen. Es bleibt dem Versteigerer vorbehalten, einzelne Gebote abzufragen oder die Interessenten aufzufordern, Gebote abzugeben. Der Versteigerer kann ein Gebot aus berechtigten Gr\u00fcnden ablehnen.<\/p>\n<p>\u00a74.0 Das vom Ersteigernden zu zahlende Aufgeld betr\u00e4gt 15% des H\u00f6chstgebotes in EUR. Sollte der Ersteigernde, aus welchen Gr\u00fcnden auch immer, das Aufgeld nicht zahlen, so bleibt dem Versteigerer jedenfalls der Auftraggeber insofern verhaftet. Auf den Betrag des Gebotes sowie des Aufgeldes wird die gesetzliche Mehrwertsteuer erhoben. Der H\u00f6chstbietende hat nach dem Zuschlag den vollen Kaufpreis per bankbest\u00e4tigtem Scheck oder in bar an den Versteigerer zu zahlen. Ausl\u00e4ndische K\u00e4ufer werden gebeten, die Zahlung ausschlie\u00dflich per bankbest\u00e4tigtem Scheck zu leisten oder eine Bankgarantie zu hinterlegen. Verk\u00e4ufe an Interessenten aus EU-Staaten k\u00f6nnen nur nach Vorliegen der amtlich beglaubigten USt-Identifikationsnummer umsatzsteuerfrei erfolgen. Die Umsatzsteuer auf das Aufgeld ist jedoch zu zahlen. F\u00fcr Immobiliengesch\u00e4fte erheben wir eine Courtage in H\u00f6he von 5% des notariell beurkundeten Kaufpreises zzgl. der gesetzlichen MwSt. Dieser Anspruch bleibt auch bei einer Zwangsversteigerung des Objektes aufrechterhalten.<\/p>\n<p>\u00a75.0 Hinsichtlich jeglicher Zweifel \u00fcber die G\u00fcltigkeit des H\u00f6chstgebotes, insbesondere auch, wenn der H\u00f6chstbietende sein Gebot nicht gelten lassen will oder ein Zweifel \u00fcber den Zuschlag besteht, gilt allein und verbindlich die Entscheidung des Versteigerers, der sich die an der Versteigerung mitbietenden Beteiligten durch Teilnahme unterwerfen. Der Versteigerer kann gegebenenfalls den Zuschlag aufheben und den Gegenstand neu aufbieten.<\/p>\n<p>\u00a76.0 Das Eigentum geht erst nach vollst\u00e4ndiger Zahlung von Kaufpreis, Aufgeld und Mehrwertsteuer auf den Ersteigerer \u00fcber, bei Schecks nach bankbest\u00e4tigter Gutschrift.<\/p>\n<p>\u00a77.0 Die Haftung des Versteigerers f\u00fcr fahrl\u00e4ssiges Verhalten ist ausgeschlossen. Lediglich belangt werden kann er f\u00fcr vors\u00e4tzliches und grob fahrl\u00e4ssiges Verhalten. Die Gefahr hinsichtlich eventueller Sch\u00e4den, des zuf\u00e4lligen Untergangs und des Verlustes, Besch\u00e4digung durch Feuer, Wasser, Sturm, Diebstahl und Einbruchsdiebstahl geht mit Zuschlag an den Ersteigerer \u00fcber. Dies gilt auch und insbesondere f\u00fcr Zubeh\u00f6rteile. F\u00fcr Gegenst\u00e4nde, die bei Zuschlag nicht sofort verf\u00fcgbar sind, gelten die Bestimmungen gem\u00e4\u00df Punkt 12. Bei nicht rechtzeitiger Abholung der ersteigerten Gegenst\u00e4nde hat der Verk\u00e4ufer nach erfolglosem Ablauf einer angemessenen Nachfrist das Recht, Schadenersatz wegen Nichterf\u00fcllung zu verlangen oder vom Vertrag zur\u00fcckzutreten. Er kann die ersteigerten Gegenst\u00e4nde auch auf Kosten und Risiko des Ersteigerers demontieren und einlagern.<\/p>\n<p>\u00a78.0 Die Abholung der ersteigerten Gegenst\u00e4nde mu\u00df nach terminlicher Absprache erfolgen.<\/p>\n<p>\u00a79.0 Abtransport und Demontage der ersteigerten Gegenst\u00e4nde erfolgen auf Kosten und Risiko des Ersteigerers. Der Ersteigerer haftet f\u00fcr Besch\u00e4digungen, die bei der Demontage oder beim Transport am Eigentum des Verk\u00e4ufers entstehen. Sollte bei der Demontage z.B. von Absaugrohren u.a. eine \u00d6ffnung von Geb\u00e4udeteilen notwendig werden, m\u00fcssen diese im Auftrag und auf Kosten des Ersteigerers von einer Fachfirma wieder geschlossen werden.<\/p>\n<p>\u00a710.0 Die zur Versteigerung gelangenden Gegenst\u00e4nde k\u00f6nnen vor der Versteigerung besichtigt werden. Katalogangaben, z.B. technische Daten, Baujahre, Ma\u00dfe, Gewichts- oder Mengenangaben, sind keine zugesicherten Eigenschaften. Der K\u00e4ufer erkennt an, da\u00df jegliche Reklamation ausgeschlossen ist und der Verk\u00e4ufer keinerlei Gew\u00e4hr f\u00fcr G\u00fcte, Beschaffenheit, Vollst\u00e4ndigkeit, offene oder versteckte M\u00e4ngel, sonstige Sch\u00e4den oder besondere Eigenschaften \u00fcbernimmt. Der Verkauf der Gegenst\u00e4nde erfolgt wie sie stehen und liegen.<\/p>\n<p>\u00a711.0 Das Betreten des Gel\u00e4ndes zur Besichtigung, Versteigerung und Abholung erfolgt auf eigene Gefahr. Eine Haftung des Versteigerers und des Verk\u00e4ufers ist insofern ebenfalls auf vors\u00e4tzliches und grob fahrl\u00e4ssiges Verhalten beschr\u00e4nkt. Das Inbetriebsetzen von Ger\u00e4ten ist strengstens untersagt.<\/p>\n<p>\u00a712.0 Bei Gegenst\u00e4nden, die nicht sofort verf\u00fcgbar sind, ist eine 25%ige Anzahlung f\u00e4llig. Dem Verk\u00e4ufer wird die Nutzung in bisherigem Umfang bis zu dem vom Versteigerer zu benennenden Termin zugestanden. Der Verk\u00e4ufer hat die Verpflichtung f\u00fcr Wartung, Pflege und Instandhaltung in gleichem Ma\u00dfe wie bisher zu sorgen. Sofern eine Reparatur f\u00fcr den Verk\u00e4ufer unwirtschaftlich werden sollte, wird der Kaufvertrag f\u00fcr den betreffenden Gegenstand ersatzlos aufgehoben und der K\u00e4ufer erh\u00e4lt die hierauf geleisteten Zahlungen zur\u00fcck. Weitergehende Anspr\u00fcche gegen den Verk\u00e4ufer und\/oder den Versteigerer bestehen nicht. Die dem K\u00e4ufer angegebenen Freigabetermine gelten gleichzeitig als Zeitpunkt des Gefahren\u00fcbergangs. Der Verk\u00e4ufer \u00fcbernimmt ab Gefahren\u00fcbergang keine Haftung gegen\u00fcber etwaigem Diebstahl, Verlust oder anderweitigem Untergang bzw. Verschlechterung des verkauften Gegenstandes. Der Versteigerer ist berechtigt, im eigenen Namen f\u00fcr Rechnung des Auftraggebers Kaufgelder und Nebenforderungen einzuziehen und einzuklagen.<\/p>\n<p>\u00a713.0 F\u00fcr gutachterliche T\u00e4tigkeiten ist die Haftung begrenzt auf EUR 50.000,00 je Beauftragung. Sollte der Auftraggeber eine h\u00f6here Haftungssumme w\u00fcnschen, so kann gegen eine Kosten\u00fcbernahme diese erh\u00f6ht werden.<\/p>\n<p>\u00a714.0 Erf\u00fcllungsort f\u00fcr die Lieferung ist der jeweilige Standort der Gegenst\u00e4nde, f\u00fcr Zahlungen die Stadt Langen (Hessen). Ist der K\u00e4ufer Vollkaufmann, ist der Gerichtsstand Frankfurt am Main.<\/p>\n<p>\u00a715.0 W\u00e4hrend oder unmittelbar nach der Versteigerung erstellte Rechnungen bed\u00fcrfen der nochmaligen Pr\u00fcfung, so da\u00df nachtr\u00e4gliche Korrekturen zul\u00e4ssig sind.<\/p>\n<p>\u00a716.0 F\u00fcr einen freih\u00e4ndigen Verkauf gelten die gleichen Bedingungen.<\/p>\n<\/div>\n<\/div>\n<\/div>\n<\/div><\/section>\n","protected":false},"excerpt":{"rendered":"","protected":false},"author":1,"featured_media":0,"parent":0,"menu_order":0,"comment_status":"closed","ping_status":"closed","template":"","meta":{"footnotes":""},"class_list":["post-95","page","type-page","status-publish","hentry"],"_links":{"self":[{"href":"https:\/\/www.viac.de\/index.php?rest_route=\/wp\/v2\/pages\/95","targetHints":{"allow":["GET"]}}],"collection":[{"href":"https:\/\/www.viac.de\/index.php?rest_route=\/wp\/v2\/pages"}],"about":[{"href":"https:\/\/www.viac.de\/index.php?rest_route=\/wp\/v2\/types\/page"}],"author":[{"embeddable":true,"href":"https:\/\/www.viac.de\/index.php?rest_route=\/wp\/v2\/users\/1"}],"replies":[{"embeddable":true,"href":"https:\/\/www.viac.de\/index.php?rest_route=%2Fwp%2Fv2%2Fcomments&post=95"}],"version-history":[{"count":1,"href":"https:\/\/www.viac.de\/index.php?rest_route=\/wp\/v2\/pages\/95\/revisions"}],"predecessor-version":[{"id":97,"href":"https:\/\/www.viac.de\/index.php?rest_route=\/wp\/v2\/pages\/95\/revisions\/97"}],"wp:attachment":[{"href":"https:\/\/www.viac.de\/index.php?rest_route=%2Fwp%2Fv2%2Fmedia&parent=95"}],"curies":[{"name":"wp","href":"https:\/\/api.w.org\/{rel}","templated":true}]}}