{"id":29,"date":"2025-05-02T11:13:48","date_gmt":"2025-05-02T11:13:48","guid":{"rendered":"https:\/\/www.jdm-systems.info\/?page_id=29"},"modified":"2025-05-03T10:28:14","modified_gmt":"2025-05-03T10:28:14","slug":"unternehmungsberatung","status":"publish","type":"page","link":"https:\/\/www.viac.de\/?page_id=29","title":{"rendered":"Unternehmungsberatung"},"content":{"rendered":"\n<style type=\"text\/css\" data-created_by=\"avia_inline_auto\" id=\"style-css-av-ma6h6g5q-f25314c53c2c7878fb41851a8a9f13b3\">\n#top .av-special-heading.av-ma6h6g5q-f25314c53c2c7878fb41851a8a9f13b3{\npadding-bottom:10px;\n}\nbody .av-special-heading.av-ma6h6g5q-f25314c53c2c7878fb41851a8a9f13b3 .av-special-heading-tag .heading-char{\nfont-size:25px;\n}\n.av-special-heading.av-ma6h6g5q-f25314c53c2c7878fb41851a8a9f13b3 .av-subheading{\nfont-size:15px;\n}\n<\/style>\n<div  class='av-special-heading av-ma6h6g5q-f25314c53c2c7878fb41851a8a9f13b3 av-special-heading-h2  avia-builder-el-0  el_before_av_hr  avia-builder-el-first '><h2 class='av-special-heading-tag '  itemprop=\"headline\"  >Unternehmensberatung<\/h2><div class=\"special-heading-border\"><div class=\"special-heading-inner-border\"><\/div><\/div><\/div>\n<div  class='hr av-av_hr-bca31578670ae9d408d6d6d291fc57a6 hr-default  avia-builder-el-1  el_after_av_heading  el_before_av_one_third '><span class='hr-inner '><span class=\"hr-inner-style\"><\/span><\/span><\/div>\n<div  class='flex_column av-41orx-332ec7ee1a8acb5b195bd15c8bb145b0 av_one_third  avia-builder-el-2  el_after_av_hr  el_before_av_two_third  first flex_column_div  '     ><section  class='av_textblock_section av-ma6h7vic-429502b56d68c362d28041686d16d446 '   itemscope=\"itemscope\" itemtype=\"https:\/\/schema.org\/CreativeWork\" ><div class='avia_textblock'  itemprop=\"text\" ><h3>Unsere Leistungen im \u00dcberblick<\/h3>\n<\/div><\/section><\/div><div  class='flex_column av-36egp-627e1d2e8f39cee1d5405ea4c2c99548 av_two_third  avia-builder-el-4  el_after_av_one_third  el_before_av_textblock  flex_column_div  '     ><div  class='togglecontainer av-ma6i31u3-e94d0d55c29780640abfc9d3d3f810cd  avia-builder-el-5  avia-builder-el-no-sibling  toggle_close_all' >\n<section class='av_toggle_section av-ma6i28ty-7a79c89c97fead9022247b65aa3a99bf'  itemscope=\"itemscope\" itemtype=\"https:\/\/schema.org\/CreativeWork\" ><div role=\"tablist\" class=\"single_toggle\" data-tags=\"{Alle} \"  ><p id='toggle-toggle-id-1' data-fake-id='#toggle-id-1' class='toggler  av-title-above '  itemprop=\"headline\"  role='tab' tabindex='0' aria-controls='toggle-id-1' data-slide-speed=\"200\" data-title=\"Unternehmensbewertungen\" data-title-open=\"\" data-aria_collapsed=\"Click to expand: Unternehmensbewertungen\" data-aria_expanded=\"Click to collapse: Unternehmensbewertungen\">Unternehmensbewertungen<span class=\"toggle_icon\"><span class=\"vert_icon\"><\/span><span class=\"hor_icon\"><\/span><\/span><\/p><div id='toggle-id-1' aria-labelledby='toggle-toggle-id-1' role='region' class='toggle_wrap  av-title-above'  ><div class='toggle_content invers-color '  itemprop=\"text\" ><p>Wir ermitteln nach einer gr\u00fcndlichen und betriebswirtschaftlich<br \/>\nfundierten Analyse der Gesch\u00e4ftsunterlagen, Pr\u00fcfungsberichte<br \/>\nund Jahresabschl\u00fcsse einen realistischen Kaufpreis f\u00fcr das<br \/>\nUnternehmen und \/ oder deren Beteiligungen nach den anerkannten<br \/>\nBewertungsmethoden. Auf Wunsch ebenso nach den Gesichtspunkten<br \/>\ndes \u00bbgoing concern\u00ab als auch unter Zerschlagungsgesichtpunkten.<\/p>\n<ul>\n<li>Substanzwertermittlung<\/li>\n<li>Ertragswertermittlung nach IDW<\/li>\n<li>Liquidationswertermittlung<\/li>\n<li>Discounted Cash Flow Methode<\/li>\n<\/ul>\n<\/div><\/div><\/div><\/section>\n<section class='av_toggle_section av-ma6i2y9n-a3cb8959df7146e80c3b8f872b250a3e'  itemscope=\"itemscope\" itemtype=\"https:\/\/schema.org\/CreativeWork\" ><div role=\"tablist\" class=\"single_toggle\" data-tags=\"{Alle} \"  ><p id='toggle-toggle-id-2' data-fake-id='#toggle-id-2' class='toggler  av-title-above '  itemprop=\"headline\"  role='tab' tabindex='0' aria-controls='toggle-id-2' data-slide-speed=\"200\" data-title=\"Unternehmenssanierung\" data-title-open=\"\" data-aria_collapsed=\"Click to expand: Unternehmenssanierung\" data-aria_expanded=\"Click to collapse: Unternehmenssanierung\">Unternehmenssanierung<span class=\"toggle_icon\"><span class=\"vert_icon\"><\/span><span class=\"hor_icon\"><\/span><\/span><\/p><div id='toggle-id-2' aria-labelledby='toggle-toggle-id-2' role='region' class='toggle_wrap  av-title-above'  ><div class='toggle_content invers-color '  itemprop=\"text\" ><p>Wir analysieren die Krisenursachen, erstellen eine Analyse<br \/>\nder Sanierungsf\u00e4higkeit des Unternehmens und erarbeiten<br \/>\neinen Ma\u00dfnahmenkatalog zur Erreichung des Sanierungszieles.<\/p>\n<p>Unter Ber\u00fcksichtigung ertragswirtschaftlicher Gesichtspunkten<br \/>\nerstellen wir einen Sanierungsplan und er\u00f6rtern die erforderliche Ma\u00dfnahmen, um im operativen Gesch\u00e4ft positve Ergebnisse<br \/>\nzu erwirtschaften und die Liquidit\u00e4t sicherzustellen.<\/p>\n<p>Wir ermitteln den notwendigen Liquidit\u00e4tsbedarfs, erstellen<br \/>\nden Liquidit\u00e4tsplan und bieten permanente \u00dcberwachung und Kontrolle<br \/>\nder erarbeiteten Plandaten.<\/p>\n<p>Wir erstellen eine Fortf\u00fchrungskonzeption und begleiten Sie<br \/>\nbei den Sanierungsma\u00dfnahmen ggf. auch durch unser Interimsmanagement.<\/p>\n<p>Bei den erforderlichen Verhandlungen zur Umsetzung der<br \/>\nSanierungsma\u00dfnahmen unterst\u00fctzen wir Sie mit den beteiligten<br \/>\nGl\u00e4ubigern wie Banken, Sozialversicherungstr\u00e4gern, Lieferanten.<\/p>\n<\/div><\/div><\/div><\/section>\n<section class='av_toggle_section av-ma6i4rhv-ad7671f9efe76010330b30b321211794'  itemscope=\"itemscope\" itemtype=\"https:\/\/schema.org\/CreativeWork\" ><div role=\"tablist\" class=\"single_toggle\" data-tags=\"{Alle} \"  ><p id='toggle-toggle-id-3' data-fake-id='#toggle-id-3' class='toggler  av-title-above '  itemprop=\"headline\"  role='tab' tabindex='0' aria-controls='toggle-id-3' data-slide-speed=\"200\" data-title=\"Beratung der Entscheidungstr\u00e4ger\" data-title-open=\"\" data-aria_collapsed=\"Click to expand: Beratung der Entscheidungstr\u00e4ger\" data-aria_expanded=\"Click to collapse: Beratung der Entscheidungstr\u00e4ger\">Beratung der Entscheidungstr\u00e4ger<span class=\"toggle_icon\"><span class=\"vert_icon\"><\/span><span class=\"hor_icon\"><\/span><\/span><\/p><div id='toggle-id-3' aria-labelledby='toggle-toggle-id-3' role='region' class='toggle_wrap  av-title-above'  ><div class='toggle_content invers-color '  itemprop=\"text\" ><p>Wir arbeiten eng mit Steuerberatern, Wirtschaftspr\u00fcfern und<br \/>\nRechtsanw\u00e4lten der Fachrichtung Insolvenzrecht und Sanierungs-<br \/>\nberatung zusammen und k\u00f6nnen daher au\u00dferdem folgende<br \/>\nLeistungen unserer kompetenten und langj\u00e4hrig auf diesem<br \/>\nGebiet erfahrenen Partner anbieten:<\/p>\n<ul>\n<li>Analyse des insolvenzrechtlichen \u00dcberschuldungsgrundes<br \/>\nund des verbleibenden zeitlichen Spielraums f\u00fcr einen<br \/>\nTurnaround<\/li>\n<li>Pr\u00fcfung der pers\u00f6nlichen Haftungsrisiken f\u00fcr den Unter-<br \/>\nnehmer und das Management sowie Beratung zur Vermeidung solcher Risiken<\/li>\n<li>Beratung \u00fcber s\u00e4mtliche M\u00f6glichkeiten der au\u00dfergerichtlichen<br \/>\nund der gerichtlichen Sanierung; Erstellung von Insolvenzpl\u00e4nen<\/li>\n<\/ul>\n<\/div><\/div><\/div><\/section>\n<section class='av_toggle_section av-ma6i5bzx-2d1281c4b3e0a5f273a7b1025a7a6a21'  itemscope=\"itemscope\" itemtype=\"https:\/\/schema.org\/CreativeWork\" ><div role=\"tablist\" class=\"single_toggle\" data-tags=\"{Alle} \"  ><p id='toggle-toggle-id-4' data-fake-id='#toggle-id-4' class='toggler  av-title-above '  itemprop=\"headline\"  role='tab' tabindex='0' aria-controls='toggle-id-4' data-slide-speed=\"200\" data-title=\"Mergers &amp; Acquisition Transaktionen\" data-title-open=\"\" data-aria_collapsed=\"Click to expand: Mergers &amp; Acquisition Transaktionen\" data-aria_expanded=\"Click to collapse: Mergers &amp; Acquisition Transaktionen\">Mergers & Acquisition Transaktionen<span class=\"toggle_icon\"><span class=\"vert_icon\"><\/span><span class=\"hor_icon\"><\/span><\/span><\/p><div id='toggle-id-4' aria-labelledby='toggle-toggle-id-4' role='region' class='toggle_wrap  av-title-above'  ><div class='toggle_content invers-color '  itemprop=\"text\" ><ul>\n<li>Definition der Auftragsziele<\/li>\n<li>Erstellung eines Verkaufsexpos\u00e9s<\/li>\n<li>Ermittlung des Unternehmenswertes und des Angebotspreises<\/li>\n<li>Definition der Zielgruppen<\/li>\n<li>F\u00fchrung der Verhandlungen nach Abstimmung mit dem<br \/>\nAuftraggeber bis zur Vertragsunterzeichnung unter Mitwirkung<br \/>\nvon Steuerberatern, Wirtschaftspr\u00fcfern und Rechtsanw\u00e4lten<\/li>\n<\/ul>\n<\/div><\/div><\/div><\/section>\n<section class='av_toggle_section av-ma6i5udz-6325f1e65b4942f8f74ac1c9d0759011'  itemscope=\"itemscope\" itemtype=\"https:\/\/schema.org\/CreativeWork\" ><div role=\"tablist\" class=\"single_toggle\" data-tags=\"{Alle} \"  ><p id='toggle-toggle-id-5' data-fake-id='#toggle-id-5' class='toggler  av-title-above '  itemprop=\"headline\"  role='tab' tabindex='0' aria-controls='toggle-id-5' data-slide-speed=\"200\" data-title=\"Sachverst\u00e4ndigengutachten\" data-title-open=\"\" data-aria_collapsed=\"Click to expand: Sachverst\u00e4ndigengutachten\" data-aria_expanded=\"Click to collapse: Sachverst\u00e4ndigengutachten\">Sachverst\u00e4ndigengutachten<span class=\"toggle_icon\"><span class=\"vert_icon\"><\/span><span class=\"hor_icon\"><\/span><\/span><\/p><div id='toggle-id-5' aria-labelledby='toggle-toggle-id-5' role='region' class='toggle_wrap  av-title-above'  ><div class='toggle_content invers-color '  itemprop=\"text\" ><p>Die Bewertung des Anlage- und Umlaufverm\u00f6gen wird durch den<br \/>\n\u00f6ffentlich bestellten und vereidigten Auktionator des Kreises Offenbach<br \/>\nam Main und Sachverst\u00e4ndigen f\u00fcr Maschinen und industrieller Anlagen<br \/>\nf\u00fcr Grundst\u00fccke und grundst\u00fccksgleiche Rechte nach Fortf\u00fchrungs-<br \/>\nund Zerschlagungsgesichtspunkten vorgenommen.<\/p>\n<p>Somit erh\u00e4lt der Auftragsgeber eine objektive Einsch\u00e4tzung der jeweiligen Vermarktungschance.<\/p>\n<p>Ferner bieten wir Ihnen einen \u00dcberblick \u00fcber die Vermarktungs-<br \/>\nchancen einer Immobilie und erstellen Wertgutachten<br \/>\nnach folgenden Methoden:<\/p>\n<ul>\n<li>Sachwertmethode<\/li>\n<li>Ertragswertmethode<\/li>\n<li>Ermittlung des Verkehrswertes<\/li>\n<\/ul>\n<\/div><\/div><\/div><\/section>\n<\/div><\/div><section  class='av_textblock_section av-ma82mnuu-313ba5eeb578f08b7833e5f2d42abc8a '   itemscope=\"itemscope\" itemtype=\"https:\/\/schema.org\/CreativeWork\" ><div class='avia_textblock'  itemprop=\"text\" ><\/div><\/section><\/p>\n","protected":false},"excerpt":{"rendered":"","protected":false},"author":1,"featured_media":0,"parent":117,"menu_order":0,"comment_status":"closed","ping_status":"closed","template":"","meta":{"footnotes":""},"class_list":["post-29","page","type-page","status-publish","hentry"],"_links":{"self":[{"href":"https:\/\/www.viac.de\/index.php?rest_route=\/wp\/v2\/pages\/29","targetHints":{"allow":["GET"]}}],"collection":[{"href":"https:\/\/www.viac.de\/index.php?rest_route=\/wp\/v2\/pages"}],"about":[{"href":"https:\/\/www.viac.de\/index.php?rest_route=\/wp\/v2\/types\/page"}],"author":[{"embeddable":true,"href":"https:\/\/www.viac.de\/index.php?rest_route=\/wp\/v2\/users\/1"}],"replies":[{"embeddable":true,"href":"https:\/\/www.viac.de\/index.php?rest_route=%2Fwp%2Fv2%2Fcomments&post=29"}],"version-history":[{"count":25,"href":"https:\/\/www.viac.de\/index.php?rest_route=\/wp\/v2\/pages\/29\/revisions"}],"predecessor-version":[{"id":194,"href":"https:\/\/www.viac.de\/index.php?rest_route=\/wp\/v2\/pages\/29\/revisions\/194"}],"up":[{"embeddable":true,"href":"https:\/\/www.viac.de\/index.php?rest_route=\/wp\/v2\/pages\/117"}],"wp:attachment":[{"href":"https:\/\/www.viac.de\/index.php?rest_route=%2Fwp%2Fv2%2Fmedia&parent=29"}],"curies":[{"name":"wp","href":"https:\/\/api.w.org\/{rel}","templated":true}]}}