{"id":233,"date":"2025-05-03T11:28:01","date_gmt":"2025-05-03T11:28:01","guid":{"rendered":"https:\/\/www.jdm-systems.info\/?page_id=233"},"modified":"2025-05-03T11:30:30","modified_gmt":"2025-05-03T11:30:30","slug":"nachlassverwertung-2","status":"publish","type":"page","link":"https:\/\/www.viac.de\/?page_id=233","title":{"rendered":"Bewertungen als Sachverst\u00e4ndiger"},"content":{"rendered":"\n<style type=\"text\/css\" data-created_by=\"avia_inline_auto\" id=\"style-css-av-ma831u65-2bf209a803f5ad13a8c30d363d2cdd90\">\n#top .av-special-heading.av-ma831u65-2bf209a803f5ad13a8c30d363d2cdd90{\npadding-bottom:10px;\n}\nbody .av-special-heading.av-ma831u65-2bf209a803f5ad13a8c30d363d2cdd90 .av-special-heading-tag .heading-char{\nfont-size:25px;\n}\n.av-special-heading.av-ma831u65-2bf209a803f5ad13a8c30d363d2cdd90 .av-subheading{\nfont-size:15px;\n}\n<\/style>\n<div  class='av-special-heading av-ma831u65-2bf209a803f5ad13a8c30d363d2cdd90 av-special-heading-h3  avia-builder-el-0  el_before_av_hr  avia-builder-el-first '><h3 class='av-special-heading-tag '  itemprop=\"headline\"  >Bewertungen als Sachverst\u00e4ndiger<\/h3><div class=\"special-heading-border\"><div class=\"special-heading-inner-border\"><\/div><\/div><\/div>\n<div  class='hr av-lf9ih-d97ff57a456dc854959e8bde7ee262a7 hr-default  avia-builder-el-1  el_after_av_heading  el_before_av_one_third '><span class='hr-inner '><span class=\"hr-inner-style\"><\/span><\/span><\/div>\n<div  class='flex_column av-ebow9-8c252bf87f1c29572aa271d0bc6bc1a1 av_one_third  avia-builder-el-2  el_after_av_hr  el_before_av_two_third  first flex_column_div  '     ><section  class='av_textblock_section av-ma8327ku-34c04df3ebd67009eae3dc2b5df6dbea '   itemscope=\"itemscope\" itemtype=\"https:\/\/schema.org\/CreativeWork\" ><div class='avia_textblock'  itemprop=\"text\" ><h3>Unsere Leistungen im \u00dcberblick<\/h3>\n<\/div><\/section><\/div>\n<div  class='flex_column av-81z4h-b1ca256287171d4d5a2a46211a254b59 av_two_third  avia-builder-el-4  el_after_av_one_third  avia-builder-el-last  flex_column_div  '     ><p><section  class='av_textblock_section av-ma84q0qt-8480a2828abda3c93d1cf95487edfee8 '   itemscope=\"itemscope\" itemtype=\"https:\/\/schema.org\/CreativeWork\" ><div class='avia_textblock'  itemprop=\"text\" ><p>Seit 1987 haben wir weit \u00fcber 2500 Insolvenz- und Nachlassverfahren durchgef\u00fchrt.<\/p>\n<p>Herr Matthias Vinson ist nach \u00a734 b Absatz 5 der GWO<br \/>\n\u00d6ffentlich bestellter und vereidigter Auktionator des Kreises Offenbach am Main<\/p>\n<ul>\n<li>Maschinen und industriellen Anlagen<\/li>\n<li>fremder Grundt\u00fccke und fremder grundst\u00fccksgleicher Rechte<\/li>\n<\/ul>\n<\/div><\/section><br \/>\n<section  class='av_textblock_section av-ma8548bo-f10e0599ebf0ecb6d375c4df9474f9c9 '   itemscope=\"itemscope\" itemtype=\"https:\/\/schema.org\/CreativeWork\" ><div class='avia_textblock'  itemprop=\"text\" ><p>Sachverst\u00e4ndiger f\u00fcr die Bewertung von<\/p>\n<ul>\n<li>Immobilien im In- und Ausland<\/li>\n<li>Maschinen und industriellen Anlagen<\/li>\n<li>Sachverst\u00e4ndige f\u00fcr Gold, Silber und Edelsteine<\/li>\n<li>Sachverst\u00e4ndige f\u00fcr die Bewertung von Fahrzeugen<\/li>\n<li>Sachverst\u00e4ndige f\u00fcr Nachlass-,Nachlassgerichte und Finanzbeh\u00f6rden<\/li>\n<\/ul>\n<\/div><\/section><\/p><\/div>\n","protected":false},"excerpt":{"rendered":"","protected":false},"author":1,"featured_media":0,"parent":117,"menu_order":0,"comment_status":"closed","ping_status":"closed","template":"","meta":{"footnotes":""},"class_list":["post-233","page","type-page","status-publish","hentry"],"_links":{"self":[{"href":"https:\/\/www.viac.de\/index.php?rest_route=\/wp\/v2\/pages\/233","targetHints":{"allow":["GET"]}}],"collection":[{"href":"https:\/\/www.viac.de\/index.php?rest_route=\/wp\/v2\/pages"}],"about":[{"href":"https:\/\/www.viac.de\/index.php?rest_route=\/wp\/v2\/types\/page"}],"author":[{"embeddable":true,"href":"https:\/\/www.viac.de\/index.php?rest_route=\/wp\/v2\/users\/1"}],"replies":[{"embeddable":true,"href":"https:\/\/www.viac.de\/index.php?rest_route=%2Fwp%2Fv2%2Fcomments&post=233"}],"version-history":[{"count":2,"href":"https:\/\/www.viac.de\/index.php?rest_route=\/wp\/v2\/pages\/233\/revisions"}],"predecessor-version":[{"id":237,"href":"https:\/\/www.viac.de\/index.php?rest_route=\/wp\/v2\/pages\/233\/revisions\/237"}],"up":[{"embeddable":true,"href":"https:\/\/www.viac.de\/index.php?rest_route=\/wp\/v2\/pages\/117"}],"wp:attachment":[{"href":"https:\/\/www.viac.de\/index.php?rest_route=%2Fwp%2Fv2%2Fmedia&parent=233"}],"curies":[{"name":"wp","href":"https:\/\/api.w.org\/{rel}","templated":true}]}}