{"id":105,"date":"2025-05-03T10:31:50","date_gmt":"2025-05-03T10:31:50","guid":{"rendered":"https:\/\/www.jdm-systems.info\/?page_id=105"},"modified":"2025-05-03T12:36:58","modified_gmt":"2025-05-03T12:36:58","slug":"nachlassverwertung","status":"publish","type":"page","link":"https:\/\/www.viac.de\/?page_id=105","title":{"rendered":"Nachlassverwertung"},"content":{"rendered":"\n<style type=\"text\/css\" data-created_by=\"avia_inline_auto\" id=\"style-css-av-ma831u65-fe88165b40a22f036f333cf1e6b61e3c\">\n#top .av-special-heading.av-ma831u65-fe88165b40a22f036f333cf1e6b61e3c{\npadding-bottom:10px;\n}\nbody .av-special-heading.av-ma831u65-fe88165b40a22f036f333cf1e6b61e3c .av-special-heading-tag .heading-char{\nfont-size:25px;\n}\n.av-special-heading.av-ma831u65-fe88165b40a22f036f333cf1e6b61e3c .av-subheading{\nfont-size:15px;\n}\n<\/style>\n<div  class='av-special-heading av-ma831u65-fe88165b40a22f036f333cf1e6b61e3c av-special-heading-h3  avia-builder-el-0  el_before_av_hr  avia-builder-el-first '><h3 class='av-special-heading-tag '  itemprop=\"headline\"  >Nachlassverwertung<\/h3><div class=\"special-heading-border\"><div class=\"special-heading-inner-border\"><\/div><\/div><\/div>\n<div  class='hr av-lf9ih-d97ff57a456dc854959e8bde7ee262a7 hr-default  avia-builder-el-1  el_after_av_heading  el_before_av_one_third '><span class='hr-inner '><span class=\"hr-inner-style\"><\/span><\/span><\/div>\n<div  class='flex_column av-ebow9-8c252bf87f1c29572aa271d0bc6bc1a1 av_one_third  avia-builder-el-2  el_after_av_hr  el_before_av_two_third  first flex_column_div  '     ><section  class='av_textblock_section av-ma8327ku-34c04df3ebd67009eae3dc2b5df6dbea '   itemscope=\"itemscope\" itemtype=\"https:\/\/schema.org\/CreativeWork\" ><div class='avia_textblock'  itemprop=\"text\" ><h3>Unsere Leistungen im \u00dcberblick<\/h3>\n<\/div><\/section><\/div>\n<div  class='flex_column av-81z4h-b1ca256287171d4d5a2a46211a254b59 av_two_third  avia-builder-el-4  el_after_av_one_third  avia-builder-el-last  flex_column_div  '     ><p><section  class='av_textblock_section av-ma84q0qt-8480a2828abda3c93d1cf95487edfee8 '   itemscope=\"itemscope\" itemtype=\"https:\/\/schema.org\/CreativeWork\" ><div class='avia_textblock'  itemprop=\"text\" ><p>Seit 1987 haben wir weit \u00fcber 2500 Insolvenz- und Nachlassverfahren durchgef\u00fchrt.<\/p>\n<p>Herr Matthias Vinson ist nach \u00a734 b Absatz 5 der GWO<br \/>\n\u00d6ffentlich bestellter und vereidigter Auktionator des Kreises Offenbach am Main<\/p>\n<ul>\n<li>Maschinen und industriellen Anlagen<\/li>\n<li>fremder Grundt\u00fccke und fremder grundst\u00fccksgleicher Rechte<\/li>\n<\/ul>\n<\/div><\/section><br \/>\n<div  class='togglecontainer av-ma84y5w1-83b8f8ab1e0892256ea61c09712caf4b  avia-builder-el-6  el_after_av_textblock  avia-builder-el-last  toggle_close_all' >\n<section class='av_toggle_section av-ma84y2xw-c253184e096fa65191c6a31a0d88d6cd'  itemscope=\"itemscope\" itemtype=\"https:\/\/schema.org\/CreativeWork\" ><div role=\"tablist\" class=\"single_toggle\" data-tags=\"{Alle} \"  ><p id='toggle-toggle-id-1' data-fake-id='#toggle-id-1' class='toggler  av-title-above '  itemprop=\"headline\"  role='tab' tabindex='0' aria-controls='toggle-id-1' data-slide-speed=\"200\" data-title=\"Was ist eine Nachlassverwertung?\" data-title-open=\"\" data-aria_collapsed=\"Click to expand: Was ist eine Nachlassverwertung?\" data-aria_expanded=\"Click to collapse: Was ist eine Nachlassverwertung?\">Was ist eine Nachlassverwertung?<span class=\"toggle_icon\"><span class=\"vert_icon\"><\/span><span class=\"hor_icon\"><\/span><\/span><\/p><div id='toggle-id-1' aria-labelledby='toggle-toggle-id-1' role='region' class='toggle_wrap  av-title-above'  ><div class='toggle_content invers-color '  itemprop=\"text\" ><p>Die <strong>Nachlassverwertung<\/strong> bezieht sich auf den Prozess der Abwicklung und Verwertung von Verm\u00f6genswerten, die nach dem Tod einer Person hinterlassen wurden. Hier sind einige zentrale Aspekte, die Sie \u00fcber die Nachlassverwertung wissen sollten:<\/p>\n<ol>\n<li><strong>Ziel der Nachlassverwertung:<\/strong>\n<ul>\n<li>Die Hauptaufgabe besteht darin, den Nachlass zu liquidieren und die Verm\u00f6genswerte zu Geld zu machen, um die Erben auszuzahlen oder Verbindlichkeiten zu begleichen.<\/li>\n<\/ul>\n<\/li>\n<li><strong>Prozess der Nachlassverwertung:<\/strong>\n<ul>\n<li><strong>Er\u00f6ffnung des Testaments:<\/strong> Zun\u00e4chst wird das Testament er\u00f6ffnet, um die Erben zu bestimmen.<\/li>\n<li><strong>Feststellung der Erbenstellung:<\/strong> Die rechtlichen Erben m\u00fcssen identifiziert werden, was oft durch einen Erbschein erfolgt.<\/li>\n<li><strong>Bewertung der Verm\u00f6genswerte:<\/strong> Alle Verm\u00f6genswerte, wie Immobilien, Wertgegenst\u00e4nde und pers\u00f6nliche Besitzt\u00fcmer, werden bewertet.<\/li>\n<li><strong>Verkauf der Verm\u00f6genswerte:<\/strong> Die Verm\u00f6genswerte werden verkauft, entweder durch Auktionen, private Verk\u00e4ufe oder \u00fcber spezialisierte Unternehmen.<\/li>\n<\/ul>\n<\/li>\n<li><strong>Beteiligte Akteure:<\/strong>\n<ul>\n<li><strong>Nachlassverwalter:<\/strong> Oft wird ein Nachlassverwalter eingesetzt, der die Abwicklung des Nachlasses koordiniert.<\/li>\n<li><strong>Auktionsh\u00e4user und Antiquariate:<\/strong> Diese k\u00f6nnen helfen, wertvolle Gegenst\u00e4nde zum bestm\u00f6glichen Preis zu verkaufen.<\/li>\n<\/ul>\n<\/li>\n<li><strong>Rechtliche Aspekte:<\/strong>\n<ul>\n<li>Es gibt rechtliche Rahmenbedingungen, die bei der Nachlassverwertung beachtet werden m\u00fcssen, um sicherzustellen, dass alles ordnungsgem\u00e4\u00df abl\u00e4uft.<\/li>\n<\/ul>\n<\/li>\n<\/ol>\n<p>Die Nachlassverwertung kann komplex sein, insbesondere wenn es mehrere Erben gibt oder der Nachlass umfangreich ist. Wenn Sie spezifische Fragen zu einem bestimmten Fall oder zu den Abl\u00e4ufen haben, lassen Sie es mich wissen! Ich helfe Ihnen gerne weiter!<\/p>\n<\/div><\/div><\/div><\/section>\n<\/div><\/p><\/div>\n","protected":false},"excerpt":{"rendered":"","protected":false},"author":2,"featured_media":0,"parent":117,"menu_order":0,"comment_status":"closed","ping_status":"closed","template":"","meta":{"footnotes":""},"class_list":["post-105","page","type-page","status-publish","hentry"],"_links":{"self":[{"href":"https:\/\/www.viac.de\/index.php?rest_route=\/wp\/v2\/pages\/105","targetHints":{"allow":["GET"]}}],"collection":[{"href":"https:\/\/www.viac.de\/index.php?rest_route=\/wp\/v2\/pages"}],"about":[{"href":"https:\/\/www.viac.de\/index.php?rest_route=\/wp\/v2\/types\/page"}],"author":[{"embeddable":true,"href":"https:\/\/www.viac.de\/index.php?rest_route=\/wp\/v2\/users\/2"}],"replies":[{"embeddable":true,"href":"https:\/\/www.viac.de\/index.php?rest_route=%2Fwp%2Fv2%2Fcomments&post=105"}],"version-history":[{"count":9,"href":"https:\/\/www.viac.de\/index.php?rest_route=\/wp\/v2\/pages\/105\/revisions"}],"predecessor-version":[{"id":252,"href":"https:\/\/www.viac.de\/index.php?rest_route=\/wp\/v2\/pages\/105\/revisions\/252"}],"up":[{"embeddable":true,"href":"https:\/\/www.viac.de\/index.php?rest_route=\/wp\/v2\/pages\/117"}],"wp:attachment":[{"href":"https:\/\/www.viac.de\/index.php?rest_route=%2Fwp%2Fv2%2Fmedia&parent=105"}],"curies":[{"name":"wp","href":"https:\/\/api.w.org\/{rel}","templated":true}]}}